{"id":1677,"date":"2021-06-04T12:39:33","date_gmt":"2021-06-04T12:39:33","guid":{"rendered":"http:\/\/termoehlen-reisen.de\/?page_id=1677"},"modified":"2021-09-12T20:15:56","modified_gmt":"2021-09-12T18:15:56","slug":"schutz-hygienekonzept","status":"publish","type":"page","link":"https:\/\/termoehlen-reisen.de\/?page_id=1677","title":{"rendered":"Schutz-Hygienekonzept"},"content":{"rendered":"<div id='revolutionslider_1'  class='avia-layerslider avia-revolutionslider main_color avia-shadow  avia-builder-el-0  el_before_av_heading  avia-builder-el-first   container_wrap fullsize'  >\n\t\t\t\t<p class=\"rs-p-wp-fix\"><\/p>\n\t\t\t\t<sr7-module data-alias=\"startseite-13\" data-id=\"18\" id=\"SR7_18_1\" data-version=\"6.7.51\">\n\t\t\t\t\t<sr7-adjuster><\/sr7-adjuster>\n\t\t\t\t\t<sr7-content>\n\t\t\t\t\t\t<sr7-slide id=\"SR7_18_1-34\" data-key=\"34\">\n\t\t\t\t\t\t\t<sr7-txt id=\"SR7_18_1-34-1\" class=\"sr7-layer\">Travel is our passion - <\/sr7-txt>\n\t\t\t\t\t\t\t<sr7-txt id=\"SR7_18_1-34-4\" class=\"sr7-layer\">Ob Familienurlaub, Studienreise, <br \/>\nFlitterwochen oder Kreuzfahrt...<\/sr7-txt>\n\t\t\t\t\t\t\t<sr7-txt id=\"SR7_18_1-34-6\" class=\"sr7-layer\">Wir optimieren Ihre Traumreise und <br \/>\nberaten Sie gerne - seit rund 25 Jahren...<\/sr7-txt>\n\t\t\t\t\t\t\t<sr7-txt id=\"SR7_18_1-34-14\" class=\"sr7-layer\"><\/sr7-txt>\n\t\t\t\t\t\t\t<sr7-txt id=\"SR7_18_1-34-24\" class=\"sr7-layer\">Urlaub ist unsere Leidenschaft!<\/sr7-txt>\n\t\t\t\t\t\t<\/sr7-slide>\n\t\t\t\t\t\t<sr7-slide id=\"SR7_18_1-36\" data-key=\"36\">\n\t\t\t\t\t\t\t<sr7-txt id=\"SR7_18_1-36-13\" class=\"sr7-layer\">Travel is an attitude...<\/sr7-txt>\n\t\t\t\t\t\t<\/sr7-slide>\n\t\t\t\t\t\t<sr7-slide id=\"SR7_18_1-35\" data-key=\"35\">\n\t\t\t\t\t\t\t<sr7-txt id=\"SR7_18_1-35-5\" class=\"sr7-layer\">Last Minute<\/sr7-txt>\n\t\t\t\t\t\t\t<sr7-txt id=\"SR7_18_1-35-7\" class=\"sr7-layer\">Fr\u00fchbucherrabatt<\/sr7-txt>\n\t\t\t\t\t\t\t<sr7-txt id=\"SR7_18_1-35-8\" class=\"sr7-layer\">&<\/sr7-txt>\n\t\t\t\t\t\t<\/sr7-slide>\n\t\t\t\t\t\t<sr7-slide id=\"SR7_18_1-37\" data-key=\"37\">\n\t\t\t\t\t\t\t<sr7-txt id=\"SR7_18_1-37-10\" class=\"sr7-layer\">Angebote sichern...<\/sr7-txt>\n\t\t\t\t\t\t\t<sr7-txt id=\"SR7_18_1-37-20\" class=\"sr7-layer\">Jetzt<\/sr7-txt>\n\t\t\t\t\t\t<\/sr7-slide>\n\t\t\t\t\t\t<sr7-slide id=\"SR7_18_1-38\" data-key=\"38\">\n\t\t\t\t\t\t\t<sr7-txt id=\"SR7_18_1-38-19\" class=\"sr7-layer\">Unser <\/sr7-txt>\n\t\t\t\t\t\t\t<sr7-txt id=\"SR7_18_1-38-22\" class=\"sr7-layer\">Familienurlaub!<\/sr7-txt>\n\t\t\t\t\t\t<\/sr7-slide>\n\t\t\t\t\t\t<sr7-slide id=\"SR7_18_1-39\" data-key=\"39\">\n\t\t\t\t\t\t\t<sr7-txt id=\"SR7_18_1-39-18\" class=\"sr7-layer\">REISEPREISVERGLEICH<\/sr7-txt>\n\t\t\t\t\t\t<\/sr7-slide>\n\t\t\t\t\t\t<sr7-slide id=\"SR7_18_1-40\" data-key=\"40\">\n\t\t\t\t\t\t\t<sr7-txt id=\"SR7_18_1-40-21\" class=\"sr7-layer\">Unsere Taumreise<\/sr7-txt>\n\t\t\t\t\t\t<\/sr7-slide>\n\t\t\t\t\t\t<sr7-slide id=\"SR7_18_1-77\" data-key=\"77\">\n\t\t\t\t\t\t<\/sr7-slide>\n\t\t\t\t\t<\/sr7-content>\n\t\t\t\t<\/sr7-module>\n\t\t\t\t<script>\n\t\t\t\t\twindow.SR7 ??={};SR7.PMH ??={}; SR7.PMH[\"SR7_18_1\"] = {cn:100,state:false,fn: function() { if (window._tpt!==undefined && window._tpt.prepareModuleHeight !== undefined) {  _tpt.prepareModuleHeight({id:\"SR7_18_1\",el:[450,512,389,240],type:'standard',shdw:'0',gh:[450,512,389,240],gw:[1920,1024,778,480],vpt:['-200px'],size:{fullWidth:true, fullHeight:false},mh:'0',onh:0,onw:0,bg:{color:'transparent'}});   SR7.PMH[\"SR7_18_1\"].state=true;} else if(SR7.PMH[\"SR7_18_1\"].cn-->0)\tsetTimeout( SR7.PMH[\"SR7_18_1\"].fn,19);}};SR7.PMH[\"SR7_18_1\" ].fn();\n\t\t\t\t<\/script>\n<\/div><div id='after_revolutionslider_1'  class='main_color av_default_container_wrap container_wrap fullsize'  ><div class='container av-section-cont-open' ><div class='template-page content  av-content-full alpha units'><div class='post-entry post-entry-type-page post-entry-1677'><div class='entry-content-wrapper clearfix'>\n\n<style type=\"text\/css\" data-created_by=\"avia_inline_auto\" id=\"style-css-av-ksvsmpmk-069075ae01604e5460989da5a4018b04\">\n#top .av-special-heading.av-ksvsmpmk-069075ae01604e5460989da5a4018b04{\npadding-bottom:10px;\n}\nbody .av-special-heading.av-ksvsmpmk-069075ae01604e5460989da5a4018b04 .av-special-heading-tag .heading-char{\nfont-size:25px;\n}\n.av-special-heading.av-ksvsmpmk-069075ae01604e5460989da5a4018b04 .av-subheading{\nfont-size:15px;\n}\n<\/style>\n<div  class='av-special-heading av-ksvsmpmk-069075ae01604e5460989da5a4018b04 av-special-heading-h3  avia-builder-el-1  el_after_av_revolutionslider  el_before_av_textblock  avia-builder-el-first '><h3 class='av-special-heading-tag '  itemprop=\"headline\"  >Schutz-Hygienekonzept<\/h3><div class=\"special-heading-border\"><div class=\"special-heading-inner-border\"><\/div><\/div><\/div>\n<section  class='av_textblock_section av-ksvsvqmu-fa6ced850eafbac24dbbedf15997e32a '   itemscope=\"itemscope\" itemtype=\"https:\/\/schema.org\/CreativeWork\" ><div class='avia_textblock'  itemprop=\"text\" ><p>Zum Schutz unserer Kunden und Mitarbeiter\/-innen vor einer weiteren Ausbreitung des Covid-19 Virus verpflichten wir uns, die folgenden Infektionsschutzgrunds\u00e4tze und Hygieneregeln einzuhalten.<\/p>\n<p><em><strong>Ansprechpartner zum Infektions- bzw. Hygieneschutz_<\/strong><\/em><\/p>\n<p>Name: Herr R\u00fcdiger Term\u00f6hlen<br \/>\nTel. \/ E-Mail: 04921 &#8211; 99 66 63 &#8211; info@tertours.de<\/p>\n<p>\u2022 Wir stellen den Mindestabstand von 1,5 Metern zwischen Personen sicher.<br \/>\n\u2022 In Zweifelsf\u00e4llen, in denen der Mindestabstand nicht sicher eingehalten werden kann, stellen wir Mund-Nasen-Bedeckungen zur Verf\u00fcgung.<br \/>\n\u2022 Personen mit Atemwegssymptomen (sofern nicht vom Arzt z.B. abgekl\u00e4rte Erk\u00e4ltung) halten wir vom Betriebsgel\u00e4nde \/ vom Ladengesch\u00e4ft etc. fern.<br \/>\n\u2022 Bei Verdachtsf\u00e4llen wenden wir ein festgelegtes Verfahren zur Abkl\u00e4rung an (z.B. bei Fieber)<\/p>\n<\/div><\/section>\n","protected":false},"excerpt":{"rendered":"","protected":false},"author":1,"featured_media":0,"parent":0,"menu_order":0,"comment_status":"closed","ping_status":"closed","template":"","meta":{"footnotes":""},"class_list":["post-1677","page","type-page","status-publish","hentry"],"_links":{"self":[{"href":"https:\/\/termoehlen-reisen.de\/index.php?rest_route=\/wp\/v2\/pages\/1677","targetHints":{"allow":["GET"]}}],"collection":[{"href":"https:\/\/termoehlen-reisen.de\/index.php?rest_route=\/wp\/v2\/pages"}],"about":[{"href":"https:\/\/termoehlen-reisen.de\/index.php?rest_route=\/wp\/v2\/types\/page"}],"author":[{"embeddable":true,"href":"https:\/\/termoehlen-reisen.de\/index.php?rest_route=\/wp\/v2\/users\/1"}],"replies":[{"embeddable":true,"href":"https:\/\/termoehlen-reisen.de\/index.php?rest_route=%2Fwp%2Fv2%2Fcomments&post=1677"}],"version-history":[{"count":6,"href":"https:\/\/termoehlen-reisen.de\/index.php?rest_route=\/wp\/v2\/pages\/1677\/revisions"}],"predecessor-version":[{"id":1873,"href":"https:\/\/termoehlen-reisen.de\/index.php?rest_route=\/wp\/v2\/pages\/1677\/revisions\/1873"}],"wp:attachment":[{"href":"https:\/\/termoehlen-reisen.de\/index.php?rest_route=%2Fwp%2Fv2%2Fmedia&parent=1677"}],"curies":[{"name":"wp","href":"https:\/\/api.w.org\/{rel}","templated":true}]}}